{"id":44,"date":"2015-08-01T20:12:11","date_gmt":"2015-08-01T18:12:11","guid":{"rendered":"http:\/\/wiesing.net\/?page_id=44"},"modified":"2019-06-30T15:11:49","modified_gmt":"2019-06-30T14:11:49","slug":"kontakt","status":"publish","type":"page","link":"https:\/\/wiesing.net\/index.php\/kontakt\/","title":{"rendered":"Kontakt"},"content":{"rendered":"\n<div class=\"wpcf7 no-js\" id=\"wpcf7-f183-o1\" lang=\"en-US\" dir=\"ltr\" data-wpcf7-id=\"183\">\n<div class=\"screen-reader-response\"><p role=\"status\" aria-live=\"polite\" aria-atomic=\"true\"><\/p> <ul><\/ul><\/div>\n<form action=\"\/index.php\/wp-json\/wp\/v2\/pages\/44#wpcf7-f183-o1\" method=\"post\" class=\"wpcf7-form init\" aria-label=\"Contact form\" novalidate=\"novalidate\" data-status=\"init\">\n<fieldset class=\"hidden-fields-container\"><input type=\"hidden\" name=\"_wpcf7\" value=\"183\" \/><input type=\"hidden\" name=\"_wpcf7_version\" value=\"6.1.4\" \/><input type=\"hidden\" name=\"_wpcf7_locale\" value=\"en_US\" \/><input type=\"hidden\" name=\"_wpcf7_unit_tag\" value=\"wpcf7-f183-o1\" \/><input type=\"hidden\" name=\"_wpcf7_container_post\" value=\"0\" \/><input type=\"hidden\" name=\"_wpcf7_posted_data_hash\" value=\"\" \/>\n<\/fieldset>\n<p>R\u00fcckmeldungen oder Fragen k\u00f6nnt ihr mir gerne \u00fcber dieses Formular zukommen lassen.\n<\/p>\n<p>Ausf\u00fchrliche Informationen zum Datenschutz bei der Verarbeitung der Daten entnehmen Sie bitte meiner <a href=\"https:\/\/wiesing.net\/index.php\/datenschutzerklaerung\/\">Datenschutzerkl\u00e4rung<\/a>\n<\/p>\n<p><label> Dein Name \/ Pseudonym (Pflichtfeld)<br \/>\n<span class=\"wpcf7-form-control-wrap\" data-name=\"your-name\"><input size=\"40\" maxlength=\"400\" class=\"wpcf7-form-control wpcf7-text wpcf7-validates-as-required\" aria-required=\"true\" aria-invalid=\"false\" value=\"\" type=\"text\" name=\"your-name\" \/><\/span> <\/label>\n<\/p>\n<p><label> Deine E-mail-Adresse (Pflichtfeld)<br \/>\n<span class=\"wpcf7-form-control-wrap\" data-name=\"your-email\"><input size=\"40\" maxlength=\"400\" class=\"wpcf7-form-control wpcf7-email wpcf7-validates-as-required wpcf7-text wpcf7-validates-as-email\" aria-required=\"true\" aria-invalid=\"false\" value=\"\" type=\"email\" name=\"your-email\" \/><\/span> <\/label>\n<\/p>\n<p><label> Betreff<br \/>\n<span class=\"wpcf7-form-control-wrap\" data-name=\"your-subject\"><input size=\"40\" maxlength=\"400\" class=\"wpcf7-form-control wpcf7-text\" aria-invalid=\"false\" value=\"\" type=\"text\" name=\"your-subject\" \/><\/span> <\/label>\n<\/p>\n<p><label> Deine Nachricht<br \/>\n<span class=\"wpcf7-form-control-wrap\" data-name=\"your-message\"><textarea cols=\"40\" rows=\"10\" maxlength=\"2000\" class=\"wpcf7-form-control wpcf7-textarea\" aria-invalid=\"false\" name=\"your-message\"><\/textarea><\/span> <\/label>\n<\/p>\n<p><span id=\"wpcf7-69ff1416e84ac-wrapper\" class=\"wpcf7-form-control-wrap Comment-wrap\" style=\"display:none !important; visibility:hidden !important;\"><label for=\"wpcf7-69ff1416e84ac-field\" class=\"hp-message\">Please leave this field empty.<\/label><input id=\"wpcf7-69ff1416e84ac-field\"  class=\"wpcf7-form-control wpcf7-text\" type=\"text\" name=\"Comment\" value=\"\" size=\"40\" tabindex=\"-1\" autocomplete=\"new-password\" \/><\/span>\n<\/p>\n<p><input class=\"wpcf7-form-control wpcf7-submit has-spinner\" type=\"submit\" value=\"Senden\" \/>\n<\/p><div class=\"wpcf7-response-output\" aria-hidden=\"true\"><\/div>\n<\/form>\n<\/div>\n\n<p>Um die eingegebene Nachricht m\u00f6glichst vertraulich zu behandelt setze ich PGP und das WordPress Plugin &#8222;WP PGP Encrypted Emails&#8220; ein. Dadurch wird die hier eingegebene Nachricht nach dem Senden an den Webserver mit meinem \u00f6ffentlichen Schl\u00fcssel verschl\u00fcsselt und erst dann an meine E-Mail-Adresse weitergeleitet.<\/p>\n<p>Mein \u00f6ffentlicher Schl\u00fcssel ist:<\/p>\n<pre>-----BEGIN PGP PUBLIC KEY BLOCK-----\nmQENBFMHtq4BCACefVR3TlHIykYGu\/clHUHG5IqgXntuGRy12qsknoQFOL+IFIwW\niKJ6ANzjTBzclmXNZEDleQ\/1rBhob4OzM5pMfypShjb64alxZ53aXI\/8baXiCy1L\nqYcEERgilrR9Qy42HGrVRmTkOZQQbmvM2YQ9j6x07fvRPsi2\/\/98aIE6Ova3bUAs\n4e+9yujinJukPCLO84NKihVWrUQ\/KvckrrqktSJHiOq7nxHuOO3JKteglG9yMFnk\nXvjrsOQq+giRYTEIWVzYwXt5buViPBJCkrvBpr3OvL1zFFJSO1yylSlwDB0TOVWI\nnbOXH+2JFmx0A\/4OCx8Jiksw6DkE+Yij9oWTABEBAAG0OE1pY2hhZWwgV2llc2lu\nZyA8bWljaGFlbHdpZXNpbmdAdm9nZWx6dWNodC1vc3RlbmxhbmQuZGU+iQE+BBMB\nAgAoBQJTB7auAhsjBQkJZgGABgsJCAcDAgYVCAIJCgsEFgIDAQIeAQIXgAAKCRCQ\nXoWd5n1kDGKrB\/4kO2yxcTWpQpGJXNHZkreFDJNfJfzCcRFsHUYg5h8P1p8DevEa\nK1pWar8rvB46b8w5J3crrNhHQMmsPqJP4lECCge97zGaW9vxadMNh3s1nhRDNGwg\n2V2OUAuAuCcxuMrA4dmXATFcsUWHhKlJucOt0Svc6oA6lKpgrGdQyHQK2ulMKhtw\nqBybuY+ncc40BjSeyIoV5ACpNvBdhh36p2fJmPcFSXo7TEA9JRDCz25Cse+ArlNQ\n1t4fAs+OK6qHHTC7L3\/hlX3EqPHpFNZhNToPZINe6b7DWpSAgxocLkuXJ64xZC2z\nQSiBgbcxgvHzoQLkEt6Q1f9wQGwkYcPzxaqhtCVNaWNoYWVsIFdpZXNpbmcgPG1p\nY2hhZWxAd2llc2luZy5uZXQ+iQE+BBMBAgAoBQJV4ulFAhsjBQkJZgGABgsJCAcD\nAgYVCAIJCgsEFgIDAQIeAQIXgAAKCRCQXoWd5n1kDOuQB\/4xmfu0bMX2bYGYR7bK\ng0jnh5RfIHblh4D8BgmdrwnUp9zQ\/8aWO72hv0F2gXoJtEgJPeBiipv0mkKhiOCr\nbVNcBS\/I7Vu9G+upj39REZgmjtI9099EJoN0f2pDUU\/KANrorG8dQswZtEp7C59Q\nxR+KcoIl21IG+1Ly4UJb073acUcdVsIIScstT8mBWer3BDLrKB72UfRdRbTv+Lmt\n\/1kjIV7cLQ6WXZWp9sKTZzdlFs0NYd1knFWgoFxmXhfpuy4hG9zR2OLVVtUsbjcu\n9V6e0KvOpaZ9HzqWGq5WoCyYzNO0mpQLnb1Ru5l2AClJ+Ix5H7p3FAs2PXewcWdU\nbezPuQENBFMHtq4BCAC4ZhJq+OtPG1fQ\/lEC2EySLfKaWHM5mgkK14u4GHHaiTAI\nlKaK6QE2ssIt2M3BCuMP490dDufK05ZlGYdXYzZZVCp5GLa9QzSwGWNF1SrhfjTv\nDHs9ETzEvq8PypJqRCTdmd\/q7\/aZ3ubD1rwOp1IsjXjI6ZialOaFh6KEYhkDdDLH\ny5400Hmsufja5huDcDIDJJdgUPtCmH3UK5LPdtqt9GR36HjTLkObe8TFIuEyANjn\nN+heKjA4uaXAfZ1vVO4d7jncIUfoNWGRSJSr7ckVJJg9p2O0XMYs8MlmOpa3U1Gf\ngKn1lznumbqjOob2jGGL5ZQn64MkfMCJYPZxbfjPABEBAAGJASUEGAECAA8FAlMH\ntq4CGwwFCQlmAYAACgkQkF6FneZ9ZAzktgf+M6xxS7IIp7RWwKwjEE5ZCMT4+lko\nuk83pi26yRt8WMB8sY5SmlnRz0AV0y8i0qRLxaOjCgSBXfSjoFWjx7vuZ3eJpPzd\nyTJFf3dJQzJyXyTfCZd2yFBTF\/oxWjwGl\/rP7EEAXv61Ii4jUOg2iKtWR+0xUWFG\nlODF99rScxZ6icggMzA7sFfeB3OobMzFN69136wp+BDJtfD\/uSEX4G9CBWhMpMg7\nebS0HmxdBv2\/WN9+jSd\/XgpZi7yEMNZDroIf+nwMZuup8gI2waA6l4n9gFBXt\/Gi\nROVVeo45DRMsX3WdN0FQRGdHXpsam2pl+DeQZ9Trd5x1fK2bdOxS9XXlRg==\n=BWj6\n-----END PGP PUBLIC KEY BLOCK-----<\/pre>\n","protected":false},"excerpt":{"rendered":"<p>Um die eingegebene Nachricht m\u00f6glichst vertraulich zu behandelt setze ich PGP und das WordPress Plugin &#8222;WP PGP Encrypted Emails&#8220; ein. Dadurch wird die hier eingegebene Nachricht nach dem Senden an den Webserver mit meinem \u00f6ffentlichen Schl\u00fcssel verschl\u00fcsselt und erst dann an meine E-Mail-Adresse weitergeleitet. Mein \u00f6ffentlicher Schl\u00fcssel ist: &#8212;&#8211;BEGIN PGP PUBLIC KEY BLOCK&#8212;&#8211; mQENBFMHtq4BCACefVR3TlHIykYGu\/clHUHG5IqgXntuGRy12qsknoQFOL+IFIwW iKJ6ANzjTBzclmXNZEDleQ\/1rBhob4OzM5pMfypShjb64alxZ53aXI\/8baXiCy1L &hellip; <a href=\"https:\/\/wiesing.net\/index.php\/kontakt\/\" class=\"more-link\"><span class=\"screen-reader-text\">Kontakt<\/span> weiterlesen <span class=\"meta-nav\">&rarr;<\/span><\/a><\/p>\n","protected":false},"author":1,"featured_media":0,"parent":0,"menu_order":9,"comment_status":"closed","ping_status":"closed","template":"","meta":{"footnotes":""},"class_list":["post-44","page","type-page","status-publish","hentry"],"yoast_head":"<!-- This site is optimized with the Yoast SEO plugin v26.9 - https:\/\/yoast.com\/product\/yoast-seo-wordpress\/ -->\n<title>Kontakt - wiesing.net<\/title>\n<meta name=\"robots\" content=\"index, follow, max-snippet:-1, max-image-preview:large, max-video-preview:-1\" \/>\n<link rel=\"canonical\" href=\"https:\/\/wiesing.net\/index.php\/kontakt\/\" \/>\n<meta property=\"og:locale\" content=\"de_DE\" \/>\n<meta property=\"og:type\" content=\"article\" \/>\n<meta property=\"og:title\" content=\"Kontakt - wiesing.net\" \/>\n<meta property=\"og:description\" content=\"Um die eingegebene Nachricht m\u00f6glichst vertraulich zu behandelt setze ich PGP und das WordPress Plugin &#8222;WP PGP Encrypted Emails&#8220; ein. Dadurch wird die hier eingegebene Nachricht nach dem Senden an den Webserver mit meinem \u00f6ffentlichen Schl\u00fcssel verschl\u00fcsselt und erst dann an meine E-Mail-Adresse weitergeleitet. Mein \u00f6ffentlicher Schl\u00fcssel ist: -----BEGIN PGP PUBLIC KEY BLOCK----- mQENBFMHtq4BCACefVR3TlHIykYGu\/clHUHG5IqgXntuGRy12qsknoQFOL+IFIwW iKJ6ANzjTBzclmXNZEDleQ\/1rBhob4OzM5pMfypShjb64alxZ53aXI\/8baXiCy1L &hellip; Kontakt weiterlesen &rarr;\" \/>\n<meta property=\"og:url\" content=\"https:\/\/wiesing.net\/index.php\/kontakt\/\" \/>\n<meta property=\"og:site_name\" content=\"wiesing.net\" \/>\n<meta property=\"article:modified_time\" content=\"2019-06-30T14:11:49+00:00\" \/>\n<meta name=\"twitter:card\" content=\"summary_large_image\" \/>\n<meta name=\"twitter:label1\" content=\"Gesch\u00e4tzte Lesezeit\" \/>\n\t<meta name=\"twitter:data1\" content=\"2\u00a0Minuten\" \/>\n<script type=\"application\/ld+json\" class=\"yoast-schema-graph\">{\"@context\":\"https:\/\/schema.org\",\"@graph\":[{\"@type\":\"WebPage\",\"@id\":\"https:\/\/wiesing.net\/index.php\/kontakt\/\",\"url\":\"https:\/\/wiesing.net\/index.php\/kontakt\/\",\"name\":\"Kontakt - wiesing.net\",\"isPartOf\":{\"@id\":\"https:\/\/wiesing.net\/#website\"},\"datePublished\":\"2015-08-01T18:12:11+00:00\",\"dateModified\":\"2019-06-30T14:11:49+00:00\",\"breadcrumb\":{\"@id\":\"https:\/\/wiesing.net\/index.php\/kontakt\/#breadcrumb\"},\"inLanguage\":\"de\",\"potentialAction\":[{\"@type\":\"ReadAction\",\"target\":[\"https:\/\/wiesing.net\/index.php\/kontakt\/\"]}]},{\"@type\":\"BreadcrumbList\",\"@id\":\"https:\/\/wiesing.net\/index.php\/kontakt\/#breadcrumb\",\"itemListElement\":[{\"@type\":\"ListItem\",\"position\":1,\"name\":\"Home\",\"item\":\"https:\/\/wiesing.net\/\"},{\"@type\":\"ListItem\",\"position\":2,\"name\":\"Kontakt\"}]},{\"@type\":\"WebSite\",\"@id\":\"https:\/\/wiesing.net\/#website\",\"url\":\"https:\/\/wiesing.net\/\",\"name\":\"wiesing.net\",\"description\":\"IT-Themen, die mich in meiner Freizeit besch\u00e4ftigen\",\"potentialAction\":[{\"@type\":\"SearchAction\",\"target\":{\"@type\":\"EntryPoint\",\"urlTemplate\":\"https:\/\/wiesing.net\/?s={search_term_string}\"},\"query-input\":{\"@type\":\"PropertyValueSpecification\",\"valueRequired\":true,\"valueName\":\"search_term_string\"}}],\"inLanguage\":\"de\"}]}<\/script>\n<!-- \/ Yoast SEO plugin. -->","yoast_head_json":{"title":"Kontakt - wiesing.net","robots":{"index":"index","follow":"follow","max-snippet":"max-snippet:-1","max-image-preview":"max-image-preview:large","max-video-preview":"max-video-preview:-1"},"canonical":"https:\/\/wiesing.net\/index.php\/kontakt\/","og_locale":"de_DE","og_type":"article","og_title":"Kontakt - wiesing.net","og_description":"Um die eingegebene Nachricht m\u00f6glichst vertraulich zu behandelt setze ich PGP und das WordPress Plugin &#8222;WP PGP Encrypted Emails&#8220; ein. Dadurch wird die hier eingegebene Nachricht nach dem Senden an den Webserver mit meinem \u00f6ffentlichen Schl\u00fcssel verschl\u00fcsselt und erst dann an meine E-Mail-Adresse weitergeleitet. Mein \u00f6ffentlicher Schl\u00fcssel ist: -----BEGIN PGP PUBLIC KEY BLOCK----- mQENBFMHtq4BCACefVR3TlHIykYGu\/clHUHG5IqgXntuGRy12qsknoQFOL+IFIwW iKJ6ANzjTBzclmXNZEDleQ\/1rBhob4OzM5pMfypShjb64alxZ53aXI\/8baXiCy1L &hellip; Kontakt weiterlesen &rarr;","og_url":"https:\/\/wiesing.net\/index.php\/kontakt\/","og_site_name":"wiesing.net","article_modified_time":"2019-06-30T14:11:49+00:00","twitter_card":"summary_large_image","twitter_misc":{"Gesch\u00e4tzte Lesezeit":"2\u00a0Minuten"},"schema":{"@context":"https:\/\/schema.org","@graph":[{"@type":"WebPage","@id":"https:\/\/wiesing.net\/index.php\/kontakt\/","url":"https:\/\/wiesing.net\/index.php\/kontakt\/","name":"Kontakt - wiesing.net","isPartOf":{"@id":"https:\/\/wiesing.net\/#website"},"datePublished":"2015-08-01T18:12:11+00:00","dateModified":"2019-06-30T14:11:49+00:00","breadcrumb":{"@id":"https:\/\/wiesing.net\/index.php\/kontakt\/#breadcrumb"},"inLanguage":"de","potentialAction":[{"@type":"ReadAction","target":["https:\/\/wiesing.net\/index.php\/kontakt\/"]}]},{"@type":"BreadcrumbList","@id":"https:\/\/wiesing.net\/index.php\/kontakt\/#breadcrumb","itemListElement":[{"@type":"ListItem","position":1,"name":"Home","item":"https:\/\/wiesing.net\/"},{"@type":"ListItem","position":2,"name":"Kontakt"}]},{"@type":"WebSite","@id":"https:\/\/wiesing.net\/#website","url":"https:\/\/wiesing.net\/","name":"wiesing.net","description":"IT-Themen, die mich in meiner Freizeit besch\u00e4ftigen","potentialAction":[{"@type":"SearchAction","target":{"@type":"EntryPoint","urlTemplate":"https:\/\/wiesing.net\/?s={search_term_string}"},"query-input":{"@type":"PropertyValueSpecification","valueRequired":true,"valueName":"search_term_string"}}],"inLanguage":"de"}]}},"_links":{"self":[{"href":"https:\/\/wiesing.net\/index.php\/wp-json\/wp\/v2\/pages\/44","targetHints":{"allow":["GET"]}}],"collection":[{"href":"https:\/\/wiesing.net\/index.php\/wp-json\/wp\/v2\/pages"}],"about":[{"href":"https:\/\/wiesing.net\/index.php\/wp-json\/wp\/v2\/types\/page"}],"author":[{"embeddable":true,"href":"https:\/\/wiesing.net\/index.php\/wp-json\/wp\/v2\/users\/1"}],"replies":[{"embeddable":true,"href":"https:\/\/wiesing.net\/index.php\/wp-json\/wp\/v2\/comments?post=44"}],"version-history":[{"count":7,"href":"https:\/\/wiesing.net\/index.php\/wp-json\/wp\/v2\/pages\/44\/revisions"}],"predecessor-version":[{"id":191,"href":"https:\/\/wiesing.net\/index.php\/wp-json\/wp\/v2\/pages\/44\/revisions\/191"}],"wp:attachment":[{"href":"https:\/\/wiesing.net\/index.php\/wp-json\/wp\/v2\/media?parent=44"}],"curies":[{"name":"wp","href":"https:\/\/api.w.org\/{rel}","templated":true}]}}