{"id":32,"date":"2015-08-01T14:45:03","date_gmt":"2015-08-01T12:45:03","guid":{"rendered":"http:\/\/wiesing.net\/?page_id=32"},"modified":"2018-08-19T17:46:14","modified_gmt":"2018-08-19T15:46:14","slug":"uber-mich","status":"publish","type":"page","link":"https:\/\/wiesing.net\/index.php\/uber-mich\/","title":{"rendered":"\u00dcber mich"},"content":{"rendered":"<p>Ich bin Michael Wiesing und komme aus Paderborn. Beruflich habe ich mit der Entwicklung und Qualit\u00e4tssicherung von Software zu tun. Da ich mich auch in meiner Freizeit mit Themen im Umfeld der IT auseinandersetze, soll mein privater Blog dazu genutzt werden, einige Erfahrungen mit euch zu teilen.<\/p>\n<p>Bei Lob oder Kritik, w\u00fcrde ich mich \u00fcber einen kurzen Kommentar zum Artikel freuen.<\/p>\n","protected":false},"excerpt":{"rendered":"<p>Ich bin Michael Wiesing und komme aus Paderborn. Beruflich habe ich mit der Entwicklung und Qualit\u00e4tssicherung von Software zu tun. Da ich mich auch in meiner Freizeit mit Themen im Umfeld der IT auseinandersetze, soll mein privater Blog dazu genutzt werden, einige Erfahrungen mit euch zu teilen. Bei Lob oder Kritik, w\u00fcrde ich mich \u00fcber &hellip; <a href=\"https:\/\/wiesing.net\/index.php\/uber-mich\/\" class=\"more-link\"><span class=\"screen-reader-text\">\u00dcber mich<\/span> weiterlesen <span class=\"meta-nav\">&rarr;<\/span><\/a><\/p>\n","protected":false},"author":1,"featured_media":0,"parent":0,"menu_order":1,"comment_status":"closed","ping_status":"closed","template":"","meta":{"footnotes":""},"class_list":["post-32","page","type-page","status-publish","hentry"],"yoast_head":"<!-- This site is optimized with the Yoast SEO plugin v26.9 - https:\/\/yoast.com\/product\/yoast-seo-wordpress\/ -->\n<title>\u00dcber mich - wiesing.net<\/title>\n<meta name=\"robots\" content=\"index, follow, max-snippet:-1, max-image-preview:large, max-video-preview:-1\" \/>\n<link rel=\"canonical\" href=\"https:\/\/wiesing.net\/index.php\/uber-mich\/\" \/>\n<meta property=\"og:locale\" content=\"de_DE\" \/>\n<meta property=\"og:type\" content=\"article\" \/>\n<meta property=\"og:title\" content=\"\u00dcber mich - wiesing.net\" \/>\n<meta property=\"og:description\" content=\"Ich bin Michael Wiesing und komme aus Paderborn. Beruflich habe ich mit der Entwicklung und Qualit\u00e4tssicherung von Software zu tun. Da ich mich auch in meiner Freizeit mit Themen im Umfeld der IT auseinandersetze, soll mein privater Blog dazu genutzt werden, einige Erfahrungen mit euch zu teilen. Bei Lob oder Kritik, w\u00fcrde ich mich \u00fcber &hellip; \u00dcber mich weiterlesen &rarr;\" \/>\n<meta property=\"og:url\" content=\"https:\/\/wiesing.net\/index.php\/uber-mich\/\" \/>\n<meta property=\"og:site_name\" content=\"wiesing.net\" \/>\n<meta property=\"article:modified_time\" content=\"2018-08-19T15:46:14+00:00\" \/>\n<meta name=\"twitter:card\" content=\"summary_large_image\" \/>\n<script type=\"application\/ld+json\" class=\"yoast-schema-graph\">{\"@context\":\"https:\/\/schema.org\",\"@graph\":[{\"@type\":\"WebPage\",\"@id\":\"https:\/\/wiesing.net\/index.php\/uber-mich\/\",\"url\":\"https:\/\/wiesing.net\/index.php\/uber-mich\/\",\"name\":\"\u00dcber mich - wiesing.net\",\"isPartOf\":{\"@id\":\"https:\/\/wiesing.net\/#website\"},\"datePublished\":\"2015-08-01T12:45:03+00:00\",\"dateModified\":\"2018-08-19T15:46:14+00:00\",\"breadcrumb\":{\"@id\":\"https:\/\/wiesing.net\/index.php\/uber-mich\/#breadcrumb\"},\"inLanguage\":\"de\",\"potentialAction\":[{\"@type\":\"ReadAction\",\"target\":[\"https:\/\/wiesing.net\/index.php\/uber-mich\/\"]}]},{\"@type\":\"BreadcrumbList\",\"@id\":\"https:\/\/wiesing.net\/index.php\/uber-mich\/#breadcrumb\",\"itemListElement\":[{\"@type\":\"ListItem\",\"position\":1,\"name\":\"Home\",\"item\":\"https:\/\/wiesing.net\/\"},{\"@type\":\"ListItem\",\"position\":2,\"name\":\"\u00dcber mich\"}]},{\"@type\":\"WebSite\",\"@id\":\"https:\/\/wiesing.net\/#website\",\"url\":\"https:\/\/wiesing.net\/\",\"name\":\"wiesing.net\",\"description\":\"IT-Themen, die mich in meiner Freizeit besch\u00e4ftigen\",\"potentialAction\":[{\"@type\":\"SearchAction\",\"target\":{\"@type\":\"EntryPoint\",\"urlTemplate\":\"https:\/\/wiesing.net\/?s={search_term_string}\"},\"query-input\":{\"@type\":\"PropertyValueSpecification\",\"valueRequired\":true,\"valueName\":\"search_term_string\"}}],\"inLanguage\":\"de\"}]}<\/script>\n<!-- \/ Yoast SEO plugin. -->","yoast_head_json":{"title":"\u00dcber mich - wiesing.net","robots":{"index":"index","follow":"follow","max-snippet":"max-snippet:-1","max-image-preview":"max-image-preview:large","max-video-preview":"max-video-preview:-1"},"canonical":"https:\/\/wiesing.net\/index.php\/uber-mich\/","og_locale":"de_DE","og_type":"article","og_title":"\u00dcber mich - wiesing.net","og_description":"Ich bin Michael Wiesing und komme aus Paderborn. Beruflich habe ich mit der Entwicklung und Qualit\u00e4tssicherung von Software zu tun. Da ich mich auch in meiner Freizeit mit Themen im Umfeld der IT auseinandersetze, soll mein privater Blog dazu genutzt werden, einige Erfahrungen mit euch zu teilen. Bei Lob oder Kritik, w\u00fcrde ich mich \u00fcber &hellip; \u00dcber mich weiterlesen &rarr;","og_url":"https:\/\/wiesing.net\/index.php\/uber-mich\/","og_site_name":"wiesing.net","article_modified_time":"2018-08-19T15:46:14+00:00","twitter_card":"summary_large_image","schema":{"@context":"https:\/\/schema.org","@graph":[{"@type":"WebPage","@id":"https:\/\/wiesing.net\/index.php\/uber-mich\/","url":"https:\/\/wiesing.net\/index.php\/uber-mich\/","name":"\u00dcber mich - wiesing.net","isPartOf":{"@id":"https:\/\/wiesing.net\/#website"},"datePublished":"2015-08-01T12:45:03+00:00","dateModified":"2018-08-19T15:46:14+00:00","breadcrumb":{"@id":"https:\/\/wiesing.net\/index.php\/uber-mich\/#breadcrumb"},"inLanguage":"de","potentialAction":[{"@type":"ReadAction","target":["https:\/\/wiesing.net\/index.php\/uber-mich\/"]}]},{"@type":"BreadcrumbList","@id":"https:\/\/wiesing.net\/index.php\/uber-mich\/#breadcrumb","itemListElement":[{"@type":"ListItem","position":1,"name":"Home","item":"https:\/\/wiesing.net\/"},{"@type":"ListItem","position":2,"name":"\u00dcber mich"}]},{"@type":"WebSite","@id":"https:\/\/wiesing.net\/#website","url":"https:\/\/wiesing.net\/","name":"wiesing.net","description":"IT-Themen, die mich in meiner Freizeit besch\u00e4ftigen","potentialAction":[{"@type":"SearchAction","target":{"@type":"EntryPoint","urlTemplate":"https:\/\/wiesing.net\/?s={search_term_string}"},"query-input":{"@type":"PropertyValueSpecification","valueRequired":true,"valueName":"search_term_string"}}],"inLanguage":"de"}]}},"_links":{"self":[{"href":"https:\/\/wiesing.net\/index.php\/wp-json\/wp\/v2\/pages\/32","targetHints":{"allow":["GET"]}}],"collection":[{"href":"https:\/\/wiesing.net\/index.php\/wp-json\/wp\/v2\/pages"}],"about":[{"href":"https:\/\/wiesing.net\/index.php\/wp-json\/wp\/v2\/types\/page"}],"author":[{"embeddable":true,"href":"https:\/\/wiesing.net\/index.php\/wp-json\/wp\/v2\/users\/1"}],"replies":[{"embeddable":true,"href":"https:\/\/wiesing.net\/index.php\/wp-json\/wp\/v2\/comments?post=32"}],"version-history":[{"count":10,"href":"https:\/\/wiesing.net\/index.php\/wp-json\/wp\/v2\/pages\/32\/revisions"}],"predecessor-version":[{"id":155,"href":"https:\/\/wiesing.net\/index.php\/wp-json\/wp\/v2\/pages\/32\/revisions\/155"}],"wp:attachment":[{"href":"https:\/\/wiesing.net\/index.php\/wp-json\/wp\/v2\/media?parent=32"}],"curies":[{"name":"wp","href":"https:\/\/api.w.org\/{rel}","templated":true}]}}